{"id":20,"date":"2012-12-15T22:53:16","date_gmt":"2012-12-15T21:53:16","guid":{"rendered":"http:\/\/www.vogel-art.de\/blog\/?page_id=20"},"modified":"2014-12-17T13:11:44","modified_gmt":"2014-12-17T15:11:44","slug":"20-2","status":"publish","type":"page","link":"http:\/\/www.vogel-art.de\/blog\/?page_id=20","title":{"rendered":"Impressum"},"content":{"rendered":"<p>Heinz Haberbosch<br \/>\nGespinstmarkt 13<br \/>\n88212 Ravensburg<br \/>\nDeutschland<\/p>\n<p style=\"text-align: left;\">S\u00e4mtliche Bilder auf diesen Seiten sind urheberrechtlich gesch\u00fctzt. Urheber ist Heinz Haberbosch.<br \/>\nAlle Rechte vorbehalten.<\/p>\n<p>Haftungshinweis: Trotz sorgf\u00e4ltiger inhaltlicher Kontrolle \u00fcbernehmen wir keine Haftung f\u00fcr die Inhalte externer Links. F\u00fcr den Inhalt der verlinkten Seiten sind ausschlie\u00dflich deren Betreiber verantwortlich.<\/p>\n<p>Bitte melden Sie sich bei uns, falls Sie sich auf einem der Bilder ungewollt wiederfinden&#8230;<\/p>\n<p>15.12.2012<\/p>\n","protected":false},"excerpt":{"rendered":"<p>Heinz Haberbosch Gespinstmarkt 13 88212 Ravensburg Deutschland S\u00e4mtliche Bilder auf diesen Seiten sind urheberrechtlich gesch\u00fctzt. Urheber ist Heinz Haberbosch. Alle Rechte vorbehalten. Haftungshinweis: Trotz sorgf\u00e4ltiger inhaltlicher Kontrolle \u00fcbernehmen wir keine Haftung f\u00fcr die Inhalte externer Links. F\u00fcr den Inhalt der verlinkten Seiten sind ausschlie\u00dflich deren Betreiber verantwortlich. Bitte melden Sie sich bei uns, falls Sie &hellip; <a href=\"http:\/\/www.vogel-art.de\/blog\/?page_id=20\" class=\"more-link\"><span class=\"screen-reader-text\">Impressum<\/span> weiterlesen <span class=\"meta-nav\">&rarr;<\/span><\/a><\/p>\n","protected":false},"author":1,"featured_media":0,"parent":0,"menu_order":0,"comment_status":"closed","ping_status":"open","template":"","meta":{"ngg_post_thumbnail":0,"footnotes":""},"class_list":["post-20","page","type-page","status-publish","hentry"],"_links":{"self":[{"href":"http:\/\/www.vogel-art.de\/blog\/index.php?rest_route=\/wp\/v2\/pages\/20","targetHints":{"allow":["GET"]}}],"collection":[{"href":"http:\/\/www.vogel-art.de\/blog\/index.php?rest_route=\/wp\/v2\/pages"}],"about":[{"href":"http:\/\/www.vogel-art.de\/blog\/index.php?rest_route=\/wp\/v2\/types\/page"}],"author":[{"embeddable":true,"href":"http:\/\/www.vogel-art.de\/blog\/index.php?rest_route=\/wp\/v2\/users\/1"}],"replies":[{"embeddable":true,"href":"http:\/\/www.vogel-art.de\/blog\/index.php?rest_route=%2Fwp%2Fv2%2Fcomments&post=20"}],"version-history":[{"count":9,"href":"http:\/\/www.vogel-art.de\/blog\/index.php?rest_route=\/wp\/v2\/pages\/20\/revisions"}],"predecessor-version":[{"id":435,"href":"http:\/\/www.vogel-art.de\/blog\/index.php?rest_route=\/wp\/v2\/pages\/20\/revisions\/435"}],"wp:attachment":[{"href":"http:\/\/www.vogel-art.de\/blog\/index.php?rest_route=%2Fwp%2Fv2%2Fmedia&parent=20"}],"curies":[{"name":"wp","href":"https:\/\/api.w.org\/{rel}","templated":true}]}}